{"id":25731,"date":"2023-05-01T09:00:13","date_gmt":"2023-05-01T07:00:13","guid":{"rendered":"https:\/\/aloeorganic.mk\/politika-e-dorezimit\/"},"modified":"2023-08-18T22:58:07","modified_gmt":"2023-08-18T20:58:07","slug":"politika-e-dorezimit","status":"publish","type":"page","link":"https:\/\/aloeorganic.mk\/sq\/politika-e-dorezimit\/","title":{"rendered":"Politika e dor\u00ebzimit"},"content":{"rendered":"\t\t<div data-elementor-type=\"wp-page\" data-elementor-id=\"25731\" class=\"elementor elementor-25731 elementor-24125\" data-elementor-post-type=\"page\">\n\t\t\t\t\t\t\t\t\t<section class=\"elementor-section elementor-top-section elementor-element elementor-element-4c11313 elementor-section-boxed elementor-section-height-default elementor-section-height-default\" data-id=\"4c11313\" data-element_type=\"section\">\n\t\t\t\t\t\t<div class=\"elementor-container elementor-column-gap-default\">\n\t\t\t\t\t<div class=\"elementor-column elementor-col-100 elementor-top-column elementor-element elementor-element-49aaf8a\" data-id=\"49aaf8a\" data-element_type=\"column\">\n\t\t\t<div class=\"elementor-widget-wrap elementor-element-populated\">\n\t\t\t\t\t\t\t\t<div class=\"elementor-element elementor-element-ca6a817 elementor-widget elementor-widget-heading\" data-id=\"ca6a817\" data-element_type=\"widget\" data-widget_type=\"heading.default\">\n\t\t\t\t<div class=\"elementor-widget-container\">\n\t\t\t<style>\/*! elementor - v3.15.0 - 09-08-2023 *\/\n.elementor-heading-title{padding:0;margin:0;line-height:1}.elementor-widget-heading .elementor-heading-title[class*=elementor-size-]>a{color:inherit;font-size:inherit;line-height:inherit}.elementor-widget-heading .elementor-heading-title.elementor-size-small{font-size:15px}.elementor-widget-heading .elementor-heading-title.elementor-size-medium{font-size:19px}.elementor-widget-heading .elementor-heading-title.elementor-size-large{font-size:29px}.elementor-widget-heading .elementor-heading-title.elementor-size-xl{font-size:39px}.elementor-widget-heading .elementor-heading-title.elementor-size-xxl{font-size:59px}<\/style><h1 class=\"elementor-heading-title elementor-size-default\">Politika e dor\u00ebzimit t\u00eb produkteve <\/h1>\t\t<\/div>\n\t\t\t\t<\/div>\n\t\t\t\t<div class=\"elementor-element elementor-element-2cf304b elementor-widget elementor-widget-text-editor\" data-id=\"2cf304b\" data-element_type=\"widget\" data-widget_type=\"text-editor.default\">\n\t\t\t\t<div class=\"elementor-widget-container\">\n\t\t\t<style>\/*! elementor - v3.15.0 - 09-08-2023 *\/\n.elementor-widget-text-editor.elementor-drop-cap-view-stacked .elementor-drop-cap{background-color:#69727d;color:#fff}.elementor-widget-text-editor.elementor-drop-cap-view-framed .elementor-drop-cap{color:#69727d;border:3px solid;background-color:transparent}.elementor-widget-text-editor:not(.elementor-drop-cap-view-default) .elementor-drop-cap{margin-top:8px}.elementor-widget-text-editor:not(.elementor-drop-cap-view-default) .elementor-drop-cap-letter{width:1em;height:1em}.elementor-widget-text-editor .elementor-drop-cap{float:left;text-align:center;line-height:1;font-size:50px}.elementor-widget-text-editor .elementor-drop-cap-letter{display:inline-block}<\/style>\t\t\t\t<p>Kjo Politik\u00eb i referohet dor\u00ebzimit t\u00eb produkteve t\u00eb porositura n\u00eb m\u00ebnyr\u00eb elektronike. Pas porositjes nga ana juaj, do t\u00eb merrni nj\u00eb konfirmim p\u00ebr porosin\u00eb e kryer (invoice) dhe porosia hyn n\u00eb statusin e p\u00ebrpunimit. Pas p\u00ebrpunimit t\u00eb porosis\u00eb, n\u00eb post\u00ebn tuaj elektronike do t\u00eb merrni njoftim mbi statusin e porosis\u00eb.&nbsp;<\/p>\n<p>T\u00eb gjitha porosit\u00eb e kryera p\u00ebrmes platform\u00ebs n\u00eb internet AloeOrganic p\u00ebrpunohen gjat\u00eb orarit t\u00eb pun\u00ebs, nga e h\u00ebna deri n\u00eb t\u00eb premt\u00ebn. Pas p\u00ebrpunimit dhe konfirmimit t\u00eb porosis\u00eb, do t\u00eb d\u00ebrgohet te sh\u00ebrbimi i korrierit p\u00ebr dor\u00ebzim. Afati i dor\u00ebzimit t\u00eb d\u00ebrges\u00ebs \u00ebsht\u00eb 1-3 dit\u00eb pune. T\u00eb gjitha porosit\u00eb, t\u00eb kryera n\u00eb dit\u00ebn e s\u00eb premt\u00ebs pas or\u00ebs 16 ose gjat\u00eb fundjav\u00ebs, do t\u00eb p\u00ebrpunohen n\u00eb dit\u00ebn e par\u00eb t\u00eb pun\u00ebs pasuese.<\/p>\t\t\t\t\t\t<\/div>\n\t\t\t\t<\/div>\n\t\t\t\t\t<\/div>\n\t\t<\/div>\n\t\t\t\t\t\t\t<\/div>\n\t\t<\/section>\n\t\t\t\t<section class=\"elementor-section elementor-top-section elementor-element elementor-element-78a09f5 elementor-section-boxed elementor-section-height-default elementor-section-height-default\" data-id=\"78a09f5\" data-element_type=\"section\">\n\t\t\t\t\t\t<div class=\"elementor-container elementor-column-gap-default\">\n\t\t\t\t\t<div class=\"elementor-column elementor-col-100 elementor-top-column elementor-element elementor-element-b1c64d7\" data-id=\"b1c64d7\" data-element_type=\"column\">\n\t\t\t<div class=\"elementor-widget-wrap elementor-element-populated\">\n\t\t\t\t\t\t\t\t<div class=\"elementor-element elementor-element-8e93088 elementor-widget elementor-widget-heading\" data-id=\"8e93088\" data-element_type=\"widget\" data-widget_type=\"heading.default\">\n\t\t\t\t<div class=\"elementor-widget-container\">\n\t\t\t<h2 class=\"elementor-heading-title elementor-size-medium\">Afati i dor\u00ebzimit<\/h2>\t\t<\/div>\n\t\t\t\t<\/div>\n\t\t\t\t<div class=\"elementor-element elementor-element-1bdd404 elementor-widget elementor-widget-text-editor\" data-id=\"1bdd404\" data-element_type=\"widget\" data-widget_type=\"text-editor.default\">\n\t\t\t\t<div class=\"elementor-widget-container\">\n\t\t\t\t\t\t\t<p>Dor\u00ebzimi kryhet n\u00eb territorin e shtetit nga e h\u00ebna deri te e shtuna p\u00ebrmes partner\u00ebve tan\u00eb t\u00eb specializuar p\u00ebr dor\u00ebzim n\u00eb adres\u00ebn e sh\u00ebnuar n\u00eb porosin\u00eb. Duhet t\u00eb keni parasysh se n\u00eb t\u00eb dielat dhe festat zyrtare nuk kryejn\u00eb dor\u00ebzimin p\u00ebr shkak se edhe partner\u00ebt tan\u00eb t\u00eb dor\u00ebzimit nuk punojn\u00eb.<\/p>\n<p>N\u00eb territorin e Shkupit dhe rrethin\u00ebn e tij:<\/p>\n<ul>\n<li><strong>n\u00eb dit\u00ebn e ardhshme e pun\u00ebs \u2013 p\u00ebr t\u00eb gjitha porosi q\u00eb do t\u00eb realizohen n\u00eb dit\u00ebn e m\u00ebparshme t\u00eb pun\u00ebs deri n\u00eb or\u00ebn 14.<\/strong><\/li>\n<\/ul>\n<div>&nbsp;<\/div>\n<p>N\u00eb territorin jasht\u00eb Shkupit:<\/p>\n<ul>\n<li><strong>1-3 dit\u00eb pune.<\/strong><\/li>\n<\/ul>\t\t\t\t\t\t<\/div>\n\t\t\t\t<\/div>\n\t\t\t\t\t<\/div>\n\t\t<\/div>\n\t\t\t\t\t\t\t<\/div>\n\t\t<\/section>\n\t\t\t\t<section class=\"elementor-section elementor-top-section elementor-element elementor-element-62b6320 elementor-section-boxed elementor-section-height-default elementor-section-height-default\" data-id=\"62b6320\" data-element_type=\"section\">\n\t\t\t\t\t\t<div class=\"elementor-container elementor-column-gap-default\">\n\t\t\t\t\t<div class=\"elementor-column elementor-col-100 elementor-top-column elementor-element elementor-element-32ae330\" data-id=\"32ae330\" data-element_type=\"column\">\n\t\t\t<div class=\"elementor-widget-wrap elementor-element-populated\">\n\t\t\t\t\t\t\t\t<div class=\"elementor-element elementor-element-0f9f70b elementor-widget elementor-widget-heading\" data-id=\"0f9f70b\" data-element_type=\"widget\" data-widget_type=\"heading.default\">\n\t\t\t\t<div class=\"elementor-widget-container\">\n\t\t\t<h2 class=\"elementor-heading-title elementor-size-default\">Dor\u00ebzimi i d\u00ebrgesave<\/h2>\t\t<\/div>\n\t\t\t\t<\/div>\n\t\t\t\t<div class=\"elementor-element elementor-element-aa2ec12 elementor-widget elementor-widget-text-editor\" data-id=\"aa2ec12\" data-element_type=\"widget\" data-widget_type=\"text-editor.default\">\n\t\t\t\t<div class=\"elementor-widget-container\">\n\t\t\t\t\t\t\t<p>Dor\u00ebzimi i produkteve t\u00eb porositura kryhet n\u00eb adres\u00ebn e specifikuar n\u00eb vet\u00eb porosin\u00eb. N\u00ebse kompania distributore nuk arrin t\u2019ju gjej\u00eb n\u00eb adres\u00ebn e specifikuar, do tju kontaktoj\u00eb p\u00ebrmes telefonit n\u00eb numrin q\u00eb keni l\u00ebn\u00eb gjat\u00eb krijimit t\u00eb porosi\u00eb dhe do t\u00eb jeni n\u00eb gjendje q\u00eb t\u2019i caktoni termin dhe adres\u00ebn e dor\u00ebzimit. N\u00ebse korrieri nuk ka arrin q\u00eb tju gjej\u00eb edhe gjat\u00eb p\u00ebrpjekjes s\u00eb dyt\u00eb, d\u00ebrgesa do t\u00eb kthehet n\u00eb AloeOrganic. P\u00ebr shkak t\u00eb k\u00ebsaj, \u00ebsht\u00eb shum\u00eb me r\u00ebnd\u00ebsi q\u00eb gjat\u00eb porositjes t\u00eb lini t\u00eb dh\u00ebna t\u00eb sakta dhe num\u00ebr telefoni t\u00eb sakt\u00eb. Ato p\u00ebrdoren vet\u00ebm gjat\u00eb dor\u00ebzimit t\u00eb d\u00ebrges\u00ebs.&nbsp;Pasi d\u00ebrgesa do t\u00eb kthehet , do t\u00eb kontaktoheni lidhur me arsyen e mospranimit t\u00eb porosis\u00eb, me mund\u00ebsi t\u00eb rinegocimit t\u00eb dor\u00ebzimit.<\/p>\n<p>Me q\u00ebllim t\u00eb leht\u00ebsimit t\u00eb procedur\u00ebs s\u00eb dor\u00ebzimit t\u00eb produktit, siguroni ndonj\u00eb person q\u00eb do t\u00eb jet\u00eb i pranish\u00ebm p\u00ebr marrje\/pranim t\u00eb porosis\u00eb n\u00eb adres\u00ebn q\u00eb keni specifikuar gjat\u00eb porositjes p\u00ebrmes internetit.&nbsp;<\/p>\n<p>Gjat\u00eb pranimit t\u00eb produktit, bler\u00ebsi detyrohet ta kontrolloj\u00eb numrin e sakt\u00eb t\u00eb produkteve t\u00eb dor\u00ebzuara, si dhe ti kontrolloj\u00eb ato lidhur me d\u00ebmtimet e mundshme gjat\u00eb transportit (pranimi sasior dhe cil\u00ebsor). Produktet z\u00ebvend\u00ebsohen sipas kushteve t\u00eb p\u00ebrcaktuara me Ligjin e Mbrojtjes s\u00eb Konsumator\u00ebve. N\u00ebse ka devijim nga ajo q\u00eb \u00ebsht\u00eb porositur, p\u00ebrkat\u00ebsisht ka nevoj\u00eb nga reklamacion, bler\u00ebsi duhet ta informoj\u00eb menj\u00ebher\u00eb shit\u00ebsin lidhur me t\u00eb, duke thirur numrin e telefonit <b>(+389) 70 211 443<\/b>ose p\u00ebrmes post\u00ebs elektronike<strong>&nbsp; <a href=\"mailto:contact@aloeorganic.mk\"><b>contact@aloeorganic.mk<\/b><\/a><\/strong><\/p>\n<p>N\u00ebse gjith\u00e7ka \u00ebsht\u00eb n\u00eb rregull me d\u00ebrges\u00ebn, merrni d\u00ebrges\u00ebn dhe n\u00ebnshkruani dokumentet lidhur me pranimin e d\u00ebrges\u00ebs, t\u00eb cilat korrieri do t\u2019ju jap\u00eb.&nbsp;<\/p>\n<p>N\u00ebse d\u00ebshironi ta merrni vet\u00eb porosin\u00eb, ju lutemi q\u00eb gjat\u00eb kryerjes s\u00eb porosis\u00eb n\u00eb seksionin e sh\u00ebnimit t\u00eb specifikoni <b>MARRJA PERSONALE<\/b>.<\/p>\n<p>P\u00ebr marrjen personale t\u00eb porositjes, mund t\u00eb na vizitoni n\u00eb hap\u00ebsirat tona n\u00eb Bul. Video Smilevski Bato nr.2A lok.9, Shkup \u00e7do dit\u00eb pune n\u00eb periudh\u00ebn prej or\u00ebs 08 deri n\u00eb or\u00ebn 16 ose na kontaktoni n\u00eb numrin e telefonit <b>(+389) 70 211 443<\/b> ose n\u00eb post\u00ebn elektronike<a href=\"mailto:contact@aloeorganic.mk\"><b>contact@aloeorganic.mk<\/b><\/a><\/p>\t\t\t\t\t\t<\/div>\n\t\t\t\t<\/div>\n\t\t\t\t\t<\/div>\n\t\t<\/div>\n\t\t\t\t\t\t\t<\/div>\n\t\t<\/section>\n\t\t\t\t<section class=\"elementor-section elementor-top-section elementor-element elementor-element-55d0716 elementor-section-boxed elementor-section-height-default elementor-section-height-default\" data-id=\"55d0716\" data-element_type=\"section\">\n\t\t\t\t\t\t<div class=\"elementor-container elementor-column-gap-default\">\n\t\t\t\t\t<div class=\"elementor-column elementor-col-100 elementor-top-column elementor-element elementor-element-ad15400\" data-id=\"ad15400\" data-element_type=\"column\">\n\t\t\t<div class=\"elementor-widget-wrap elementor-element-populated\">\n\t\t\t\t\t\t\t\t<div class=\"elementor-element elementor-element-a884b8a elementor-widget elementor-widget-heading\" data-id=\"a884b8a\" data-element_type=\"widget\" data-widget_type=\"heading.default\">\n\t\t\t\t<div class=\"elementor-widget-container\">\n\t\t\t<h2 class=\"elementor-heading-title elementor-size-default\">\u00c7mimi i dor\u00ebzimit\n<\/h2>\t\t<\/div>\n\t\t\t\t<\/div>\n\t\t\t\t<div class=\"elementor-element elementor-element-3da0be7 elementor-widget elementor-widget-text-editor\" data-id=\"3da0be7\" data-element_type=\"widget\" data-widget_type=\"text-editor.default\">\n\t\t\t\t<div class=\"elementor-widget-container\">\n\t\t\t\t\t\t\t<p>Produktet do t\u00eb dor\u00ebzohen p\u00ebrmes partner\u00ebve tan\u00eb t\u00eb dor\u00ebzimit n\u00eb afres\u00ebn q\u00eb e keni specifikuar n\u00eb porosin\u00eb sipas kushteve t\u00eb m\u00ebposhtme:<\/p>\n<table>\n<tbody>\n<tr>\n<td width=\"212\">\n<p><b>Vlera e porosis\u00eb<\/b><\/p>\n<\/td>\n<td width=\"212\">\n<p><b>Shpenzim p\u00ebr dor\u00ebzim<\/b><\/p>\n<\/td>\n<\/tr>\n<tr>\n<td width=\"212\">\n<p>n\u00ebn 3.000 den<\/p>\n<\/td>\n<td width=\"212\">\n<p>150 den<\/p>\n<\/td>\n<\/tr>\n<tr>\n<td width=\"212\">\n<p>mbi 3.000 den<\/p>\n<\/td>\n<td width=\"212\">\n<p>falas<\/p>\n<\/td>\n<\/tr>\n<\/tbody>\n<\/table>\n<p>Dor\u00ebzimi i produkteve kryhet deri n\u00eb der\u00ebn e bler\u00ebsit ose deri n\u00eb hyrjen e objektit ban\u00ebsor. <\/p>\n\t\t\t\t\t\t<\/div>\n\t\t\t\t<\/div>\n\t\t\t\t\t<\/div>\n\t\t<\/div>\n\t\t\t\t\t\t\t<\/div>\n\t\t<\/section>\n\t\t\t\t<section class=\"elementor-section elementor-top-section elementor-element elementor-element-e3240b3 elementor-section-boxed elementor-section-height-default elementor-section-height-default\" data-id=\"e3240b3\" data-element_type=\"section\">\n\t\t\t\t\t\t<div class=\"elementor-container elementor-column-gap-default\">\n\t\t\t\t\t<div class=\"elementor-column elementor-col-100 elementor-top-column elementor-element elementor-element-43604bc\" data-id=\"43604bc\" data-element_type=\"column\">\n\t\t\t<div class=\"elementor-widget-wrap elementor-element-populated\">\n\t\t\t\t\t\t\t\t<div class=\"elementor-element elementor-element-6843e59 elementor-widget elementor-widget-heading\" data-id=\"6843e59\" data-element_type=\"widget\" data-widget_type=\"heading.default\">\n\t\t\t\t<div class=\"elementor-widget-container\">\n\t\t\t<h2 class=\"elementor-heading-title elementor-size-default\">Politika dhe kushtet lidhur me \u00e7mimet dhe produktet<\/h2>\t\t<\/div>\n\t\t\t\t<\/div>\n\t\t\t\t\t<\/div>\n\t\t<\/div>\n\t\t\t\t\t\t\t<\/div>\n\t\t<\/section>\n\t\t\t\t<section class=\"elementor-section elementor-top-section elementor-element elementor-element-e86fcfc elementor-section-boxed elementor-section-height-default elementor-section-height-default\" data-id=\"e86fcfc\" data-element_type=\"section\">\n\t\t\t\t\t\t<div class=\"elementor-container elementor-column-gap-default\">\n\t\t\t\t\t<div class=\"elementor-column elementor-col-100 elementor-top-column elementor-element elementor-element-68b52aa\" data-id=\"68b52aa\" data-element_type=\"column\">\n\t\t\t<div class=\"elementor-widget-wrap elementor-element-populated\">\n\t\t\t\t\t\t\t\t<div class=\"elementor-element elementor-element-9125617 elementor-widget elementor-widget-text-editor\" data-id=\"9125617\" data-element_type=\"widget\" data-widget_type=\"text-editor.default\">\n\t\t\t\t<div class=\"elementor-widget-container\">\n\t\t\t\t\t\t\t<p>\u00c7mimet e t\u00eb gjitha produkteve n\u00eb faqen ton\u00eb t\u00eb internetit <a href=\"http:\/\/www.aloeorganic.mk\"><strong>www.aloeorganic.mk<\/strong><\/a>&nbsp;jan\u00eb me 18% TVSH t\u00eb llogaritur. ALOE ORGANIC mban t\u00eb drejt\u00ebn p\u00ebr ndryshimin e \u00e7mimeve, n\u00eb p\u00ebrputhje me politik\u00ebn e kompanis\u00eb, pa u njoftuar konsumator\u00ebve. Korrigjimi i \u00e7mimeve nuk do t\u00eb kryhet n\u00ebse porosia \u00ebsht\u00eb e pranuar. Bler\u00ebsi detyrohet ta paguaj\u00eb \u00e7mimin e ofruar n\u00eb momentin e kryerjes s\u00eb porosis\u00eb, pavar\u00ebsisht faktit q\u00eb \u00e7mimi mund t\u00eb ndryshohet nd\u00ebrkoh\u00eb.<\/p>\n<p>Me hyrjen e vet\u00eb n\u00eb <a href=\"http:\/\/www.aloeorganic.mk\"><b>www.aloeorganic.mk<\/b><\/a> &nbsp;dhe gjat\u00eb porositjes s\u00eb produkteve, ju pajtoheni se i pranoni kushtet e cekuara n\u00eb Politikat tona t\u00eb shfryt\u00ebzimit t\u00eb sistemit t\u00eb tregtis\u00eb elektronike.&nbsp;<\/p>\t\t\t\t\t\t<\/div>\n\t\t\t\t<\/div>\n\t\t\t\t\t<\/div>\n\t\t<\/div>\n\t\t\t\t\t\t\t<\/div>\n\t\t<\/section>\n\t\t\t\t<section class=\"elementor-section elementor-top-section elementor-element elementor-element-6be3c97 elementor-section-boxed elementor-section-height-default elementor-section-height-default\" data-id=\"6be3c97\" data-element_type=\"section\">\n\t\t\t\t\t\t<div class=\"elementor-container elementor-column-gap-default\">\n\t\t\t\t\t<div class=\"elementor-column elementor-col-100 elementor-top-column elementor-element elementor-element-a2b5c53\" data-id=\"a2b5c53\" data-element_type=\"column\">\n\t\t\t<div class=\"elementor-widget-wrap elementor-element-populated\">\n\t\t\t\t\t\t\t\t<div class=\"elementor-element elementor-element-41aaf71 elementor-widget elementor-widget-heading\" data-id=\"41aaf71\" data-element_type=\"widget\" data-widget_type=\"heading.default\">\n\t\t\t\t<div class=\"elementor-widget-container\">\n\t\t\t<h2 class=\"elementor-heading-title elementor-size-default\">Pranimi i kushteve\n<\/h2>\t\t<\/div>\n\t\t\t\t<\/div>\n\t\t\t\t<div class=\"elementor-element elementor-element-f5f0e82 elementor-widget elementor-widget-text-editor\" data-id=\"f5f0e82\" data-element_type=\"widget\" data-widget_type=\"text-editor.default\">\n\t\t\t\t<div class=\"elementor-widget-container\">\n\t\t\t\t\t\t\t<p>Me konfirmimin e porosis\u00eb, duke klikuar mbi butonin <strong>KONFIRMO, Pajtoheni me kushtet e dor\u00ebzimit.<\/strong><\/p>\n\t\t\t\t\t\t<\/div>\n\t\t\t\t<\/div>\n\t\t\t\t\t<\/div>\n\t\t<\/div>\n\t\t\t\t\t\t\t<\/div>\n\t\t<\/section>\n\t\t\t\t<section class=\"elementor-section elementor-top-section elementor-element elementor-element-1e5737c elementor-section-boxed elementor-section-height-default elementor-section-height-default\" data-id=\"1e5737c\" data-element_type=\"section\">\n\t\t\t\t\t\t<div class=\"elementor-container elementor-column-gap-default\">\n\t\t\t\t\t<div class=\"elementor-column elementor-col-100 elementor-top-column elementor-element elementor-element-c2986bf\" data-id=\"c2986bf\" data-element_type=\"column\">\n\t\t\t<div class=\"elementor-widget-wrap elementor-element-populated\">\n\t\t\t\t\t\t\t\t<div class=\"elementor-element elementor-element-2f1cdde elementor-widget elementor-widget-heading\" data-id=\"2f1cdde\" data-element_type=\"widget\" data-widget_type=\"heading.default\">\n\t\t\t\t<div class=\"elementor-widget-container\">\n\t\t\t<h2 class=\"elementor-heading-title elementor-size-default\">Data e publikimit t\u00eb politik\u00ebs s\u00eb dor\u00ebzimit<\/h2>\t\t<\/div>\n\t\t\t\t<\/div>\n\t\t\t\t<div class=\"elementor-element elementor-element-07b373d elementor-widget elementor-widget-text-editor\" data-id=\"07b373d\" data-element_type=\"widget\" data-widget_type=\"text-editor.default\">\n\t\t\t\t<div class=\"elementor-widget-container\">\n\t\t\t\t\t\t\t<p>K\u00ebto rregulla t\u00eb dor\u00ebzimit hyjn\u00eb n\u00eb fuqi nga muaji qershor i vitit 2023. ALOEORGANIC mban t\u00eb drejtat p\u00ebr ndryshimin e k\u00ebtyre politikave dhe kushteve n\u00eb \u00e7do koh\u00eb, nd\u00ebrsa ndryshimet do t\u00eb publikohen n\u00eb faqen e internetit <a href=\"http:\/\/www.aloeorganic.mk\"><b>www.aloeorganic.mk<\/b><\/a><\/p>\n\t\t\t\t\t\t<\/div>\n\t\t\t\t<\/div>\n\t\t\t\t\t<\/div>\n\t\t<\/div>\n\t\t\t\t\t\t\t<\/div>\n\t\t<\/section>\n\t\t\t\t<section class=\"elementor-section elementor-top-section elementor-element elementor-element-a0eaeaf elementor-section-boxed elementor-section-height-default elementor-section-height-default\" data-id=\"a0eaeaf\" data-element_type=\"section\">\n\t\t\t\t\t\t<div class=\"elementor-container elementor-column-gap-default\">\n\t\t\t\t\t<div class=\"elementor-column elementor-col-100 elementor-top-column elementor-element elementor-element-ad2befe\" data-id=\"ad2befe\" data-element_type=\"column\">\n\t\t\t<div class=\"elementor-widget-wrap elementor-element-populated\">\n\t\t\t\t\t\t\t\t<div class=\"elementor-element elementor-element-519855e elementor-widget elementor-widget-heading\" data-id=\"519855e\" data-element_type=\"widget\" data-widget_type=\"heading.default\">\n\t\t\t\t<div class=\"elementor-widget-container\">\n\t\t\t<h2 class=\"elementor-heading-title elementor-size-default\">Na kontaktoni<\/h2>\t\t<\/div>\n\t\t\t\t<\/div>\n\t\t\t\t<div class=\"elementor-element elementor-element-95aa79d elementor-widget elementor-widget-text-editor\" data-id=\"95aa79d\" data-element_type=\"widget\" data-widget_type=\"text-editor.default\">\n\t\t\t\t<div class=\"elementor-widget-container\">\n\t\t\t\t\t\t\t<p>P\u00ebr t\u00eb gjitha pyetje lidhur me porosin\u00eb tuaj, mund t\u00eb na kontaktoni duke p\u00ebrdorur detajet e m\u00ebposhtme:<\/p>\n<p>Posta elektronike (e-mail):<b>&nbsp;<a href=\"mailto:contact@aloeorganic.mk\">contact@aloeorganic.mk<\/a><\/b><\/p>\n<p>Telefoni kontaktues:<b>+389 70 211 443<\/b><\/p>\t\t\t\t\t\t<\/div>\n\t\t\t\t<\/div>\n\t\t\t\t\t<\/div>\n\t\t<\/div>\n\t\t\t\t\t\t\t<\/div>\n\t\t<\/section>\n\t\t\t\t\t\t\t<\/div>\n\t\t","protected":false},"excerpt":{"rendered":"<p>Politika e dor\u00ebzimit t\u00eb produkteve Kjo Politik\u00eb i referohet dor\u00ebzimit t\u00eb produkteve t\u00eb porositura n\u00eb m\u00ebnyr\u00eb elektronike. Pas porositjes nga ana juaj, do t\u00eb merrni nj\u00eb konfirmim p\u00ebr porosin\u00eb e kryer (invoice) dhe porosia hyn n\u00eb statusin e p\u00ebrpunimit. Pas p\u00ebrpunimit t\u00eb porosis\u00eb, n\u00eb post\u00ebn tuaj elektronike do t\u00eb merrni njoftim mbi statusin e porosis\u00eb.&nbsp; [&hellip;]<\/p>\n","protected":false},"author":1,"featured_media":0,"parent":0,"menu_order":0,"comment_status":"closed","ping_status":"closed","template":"elementor_header_footer","meta":{"footnotes":""},"_links":{"self":[{"href":"https:\/\/aloeorganic.mk\/sq\/wp-json\/wp\/v2\/pages\/25731"}],"collection":[{"href":"https:\/\/aloeorganic.mk\/sq\/wp-json\/wp\/v2\/pages"}],"about":[{"href":"https:\/\/aloeorganic.mk\/sq\/wp-json\/wp\/v2\/types\/page"}],"author":[{"embeddable":true,"href":"https:\/\/aloeorganic.mk\/sq\/wp-json\/wp\/v2\/users\/1"}],"replies":[{"embeddable":true,"href":"https:\/\/aloeorganic.mk\/sq\/wp-json\/wp\/v2\/comments?post=25731"}],"version-history":[{"count":10,"href":"https:\/\/aloeorganic.mk\/sq\/wp-json\/wp\/v2\/pages\/25731\/revisions"}],"predecessor-version":[{"id":28321,"href":"https:\/\/aloeorganic.mk\/sq\/wp-json\/wp\/v2\/pages\/25731\/revisions\/28321"}],"wp:attachment":[{"href":"https:\/\/aloeorganic.mk\/sq\/wp-json\/wp\/v2\/media?parent=25731"}],"curies":[{"name":"wp","href":"https:\/\/api.w.org\/{rel}","templated":true}]}}