{"id":25738,"date":"2023-05-20T10:30:37","date_gmt":"2023-05-20T08:30:37","guid":{"rendered":"https:\/\/aloeorganic.mk\/politika-e-kthimit\/"},"modified":"2023-08-18T22:35:45","modified_gmt":"2023-08-18T20:35:45","slug":"politika-e-kthimit","status":"publish","type":"page","link":"https:\/\/aloeorganic.mk\/sq\/politika-e-kthimit\/","title":{"rendered":"Politika e kthimit"},"content":{"rendered":"\t\t<div data-elementor-type=\"wp-page\" data-elementor-id=\"25738\" class=\"elementor elementor-25738 elementor-24202\" data-elementor-post-type=\"page\">\n\t\t\t\t\t\t\t\t\t<section class=\"elementor-section elementor-top-section elementor-element elementor-element-4c11313 elementor-section-boxed elementor-section-height-default elementor-section-height-default\" data-id=\"4c11313\" data-element_type=\"section\">\n\t\t\t\t\t\t<div class=\"elementor-container elementor-column-gap-default\">\n\t\t\t\t\t<div class=\"elementor-column elementor-col-100 elementor-top-column elementor-element elementor-element-49aaf8a\" data-id=\"49aaf8a\" data-element_type=\"column\">\n\t\t\t<div class=\"elementor-widget-wrap elementor-element-populated\">\n\t\t\t\t\t\t\t\t<div class=\"elementor-element elementor-element-ca6a817 elementor-widget elementor-widget-heading\" data-id=\"ca6a817\" data-element_type=\"widget\" data-widget_type=\"heading.default\">\n\t\t\t\t<div class=\"elementor-widget-container\">\n\t\t\t<style>\/*! elementor - v3.15.0 - 09-08-2023 *\/\n.elementor-heading-title{padding:0;margin:0;line-height:1}.elementor-widget-heading .elementor-heading-title[class*=elementor-size-]>a{color:inherit;font-size:inherit;line-height:inherit}.elementor-widget-heading .elementor-heading-title.elementor-size-small{font-size:15px}.elementor-widget-heading .elementor-heading-title.elementor-size-medium{font-size:19px}.elementor-widget-heading .elementor-heading-title.elementor-size-large{font-size:29px}.elementor-widget-heading .elementor-heading-title.elementor-size-xl{font-size:39px}.elementor-widget-heading .elementor-heading-title.elementor-size-xxl{font-size:59px}<\/style><h1 class=\"elementor-heading-title elementor-size-default\">Politika rreth kthimit t\u00eb mjeteve<\/h1>\t\t<\/div>\n\t\t\t\t<\/div>\n\t\t\t\t<div class=\"elementor-element elementor-element-2cf304b elementor-widget elementor-widget-text-editor\" data-id=\"2cf304b\" data-element_type=\"widget\" data-widget_type=\"text-editor.default\">\n\t\t\t\t<div class=\"elementor-widget-container\">\n\t\t\t<style>\/*! elementor - v3.15.0 - 09-08-2023 *\/\n.elementor-widget-text-editor.elementor-drop-cap-view-stacked .elementor-drop-cap{background-color:#69727d;color:#fff}.elementor-widget-text-editor.elementor-drop-cap-view-framed .elementor-drop-cap{color:#69727d;border:3px solid;background-color:transparent}.elementor-widget-text-editor:not(.elementor-drop-cap-view-default) .elementor-drop-cap{margin-top:8px}.elementor-widget-text-editor:not(.elementor-drop-cap-view-default) .elementor-drop-cap-letter{width:1em;height:1em}.elementor-widget-text-editor .elementor-drop-cap{float:left;text-align:center;line-height:1;font-size:50px}.elementor-widget-text-editor .elementor-drop-cap-letter{display:inline-block}<\/style>\t\t\t\t<p>B GROUP 2022 DOOEL mund\u00ebson rimbursimin e mjeteve p\u00ebr produktet e blera dhe t\u00eb paguara n\u00eb shitoren n\u00eb internet <strong><a href=\"http:\/\/www.aloeorganic.mk\">www.aloeorganic.mk<\/a><\/strong>, me kushtet e m\u00ebposhtme:<\/p>\n<p>Pasi korrieri do t\u2019jua dor\u00ebzoj\u00eb d\u00ebrges\u00ebn, n\u00eb pranin\u00eb e tij menj\u00ebher\u00eb kontrolloni produktin dhe n\u00ebse ka d\u00ebmtime t\u00eb dukshme n\u00eb t\u00eb ose n\u00ebse produkti nuk \u00ebsht\u00eb n\u00eb p\u00ebrputhje me porosin\u00eb tuaj, na k\u00ebrkoni n\u00eb numrin e telefonit <b>(+389) 70 211 443  <\/b>ose d\u00ebrgoni nj\u00eb e-mail me t\u00eb dh\u00ebnat tuaja (emri, mbiemri dhe numri i telefonit) n\u00eb post\u00ebn elektronike <b><a href=\"mailto:info@aloeorganic.mk\">contact@aloeorganic.mk<\/a> <\/b>me titull \u201cRimbursimi i mjeteve\u201d dhe tregoni arsyet pse d\u00ebshironi t\u00eb z\u00ebvend\u00ebsoni, p\u00ebrkat\u00ebsisht ta ktheni produktin. Na kontaktoni n\u00eb afat jo m\u00eb von\u00eb se 24 or\u00eb nga pranimi i d\u00ebrges\u00ebs. N\u00eb afat sa m\u00eb t\u00eb shkurt\u00ebr, operatori yn\u00eb do t\u2019ju informoj\u00eb lidhur me procedur\u00ebn e m\u00ebtejshme.<\/p>\n<p>Produkti mund ta ktheni ose z\u00ebvend\u00ebsoni n\u00eb afat prej 7 dit\u00ebve nga dita e kryerjes s\u00eb porosis\u00eb. Produkte duhet t\u00eb jet\u00eb i pad\u00ebmtuar dhe i pap\u00ebrdorur, i paketuar n\u00eb ambalazhin e tij original, i shoq\u00ebruar me t\u00eb gjitha dokumente origjinale q\u00eb i keni marr\u00eb s\u00eb bashku me produktin (llogaria fiskale\/fatura).<span style=\"background-color: transparent;\">). I p\u00ebrgatitur dhe i paketuar k\u00ebshtu, mund ta ktheni produktin n\u00eb B GROUP DOOEL n\u00eb adres\u00ebn: Bul. Video Smilevski Bato nr.2A lok.9, Shkup.<\/span><\/p>\n<p>N\u00eb rast t\u00eb k\u00ebrkoni kthimin e mjeteve financiare, ajo mund t\u00eb b\u00ebni vet\u00ebm n\u00ebse e ktheni produktin t\u00eb pap\u00ebrdorur dhe n\u00eb paketimin origjinal, s\u00eb bashku me fatur\u00ebn ose flet\u00ebd\u00ebrges\u00ebn n\u00eb periudh\u00eb prej 7 dit\u00ebve nga pranimi i produktit. Mjetet financiare do ju kthehen n\u00eb t\u00eb nj\u00ebjt\u00ebn llogari bankare q\u00eb e keni p\u00ebrdorur p\u00ebr gjat\u00eb pages\u00ebs s\u00eb produktit, duke mbajtur mjete financiare p\u00ebr shpenzimet e provizioneve bankare, paketimin dhe shp\u00ebrndarjen.<\/p>\n<p>Pas pranimit t\u00eb produktit, ne kontrollojn\u00eb a produkti \u00ebsht\u00eb i d\u00ebmtuar ose i shfryt\u00ebzuar dhe pastaj ju dor\u00ebzojn\u00eb z\u00ebvend\u00ebsimin p\u00ebrkat\u00ebs. Produktet z\u00ebvend\u00ebsohen vet\u00ebm sipas kushteve t\u00eb p\u00ebrcaktuara t\u00eb Ligjit t\u00eb Mbrojtjes s\u00eb Konsumator\u00ebve.<\/p>\n<p>Kthimin e mjeteve financiare bler\u00ebsit, pa marr\u00eb parasysh arsyen e kthimit, shitorja n\u00eb internet <b><a href=\"http:\/\/www.aloeorganic.mk\">www.aloeorganic.mk<\/a><\/b> detyrohet q\u00eb ta kryej\u00eb ve\u00e7an\u00ebrisht n\u00eb llogarin\u00eb e transaksionit e cila \u00ebsht\u00eb n\u00eb em\u00ebr t\u00eb klientit, p\u00ebrkat\u00ebsisht p\u00ebrdoruesit t\u00eb kartel\u00ebs me t\u00eb cil\u00ebn \u00ebsht\u00eb b\u00ebr\u00eb pagesa, p\u00ebrkat\u00ebsisht personit n\u00eb emrin e t\u00eb cilit \u00ebsht\u00eb hartuar fatura.<\/p>\n\t\t\t\t\t\t<\/div>\n\t\t\t\t<\/div>\n\t\t\t\t\t<\/div>\n\t\t<\/div>\n\t\t\t\t\t\t\t<\/div>\n\t\t<\/section>\n\t\t\t\t\t\t\t<\/div>\n\t\t","protected":false},"excerpt":{"rendered":"<p>Politika rreth kthimit t\u00eb mjeteve B GROUP 2022 DOOEL mund\u00ebson rimbursimin e mjeteve p\u00ebr produktet e blera dhe t\u00eb paguara n\u00eb shitoren n\u00eb internet www.aloeorganic.mk, me kushtet e m\u00ebposhtme: Pasi korrieri do t\u2019jua dor\u00ebzoj\u00eb d\u00ebrges\u00ebn, n\u00eb pranin\u00eb e tij menj\u00ebher\u00eb kontrolloni produktin dhe n\u00ebse ka d\u00ebmtime t\u00eb dukshme n\u00eb t\u00eb ose n\u00ebse produkti nuk \u00ebsht\u00eb [&hellip;]<\/p>\n","protected":false},"author":1,"featured_media":0,"parent":0,"menu_order":0,"comment_status":"closed","ping_status":"closed","template":"elementor_header_footer","meta":{"footnotes":""},"_links":{"self":[{"href":"https:\/\/aloeorganic.mk\/sq\/wp-json\/wp\/v2\/pages\/25738"}],"collection":[{"href":"https:\/\/aloeorganic.mk\/sq\/wp-json\/wp\/v2\/pages"}],"about":[{"href":"https:\/\/aloeorganic.mk\/sq\/wp-json\/wp\/v2\/types\/page"}],"author":[{"embeddable":true,"href":"https:\/\/aloeorganic.mk\/sq\/wp-json\/wp\/v2\/users\/1"}],"replies":[{"embeddable":true,"href":"https:\/\/aloeorganic.mk\/sq\/wp-json\/wp\/v2\/comments?post=25738"}],"version-history":[{"count":15,"href":"https:\/\/aloeorganic.mk\/sq\/wp-json\/wp\/v2\/pages\/25738\/revisions"}],"predecessor-version":[{"id":28299,"href":"https:\/\/aloeorganic.mk\/sq\/wp-json\/wp\/v2\/pages\/25738\/revisions\/28299"}],"wp:attachment":[{"href":"https:\/\/aloeorganic.mk\/sq\/wp-json\/wp\/v2\/media?parent=25738"}],"curies":[{"name":"wp","href":"https:\/\/api.w.org\/{rel}","templated":true}]}}