{"id":26350,"date":"2023-05-31T12:35:44","date_gmt":"2023-05-31T10:35:44","guid":{"rendered":"https:\/\/aloeorganic.mk\/product\/aloeface-organic-mask-maker-machine-kit-aparat-per-te-bere-maska-per-fytyre-ne-shtepi\/"},"modified":"2024-09-19T08:04:40","modified_gmt":"2024-09-19T06:04:40","slug":"aloe-face-organic-mask-maker-machine-kit","status":"publish","type":"product","link":"https:\/\/aloeorganic.mk\/sq\/product\/aloe-face-organic-mask-maker-machine-kit\/","title":{"rendered":"AloeFace Organic Mask Maker Machine KIT &#8211; aparat p\u00ebr t\u00eb b\u00ebr\u00eb maska p\u00ebr fytyr\u00eb n\u00eb sht\u00ebpi"},"content":{"rendered":"<p>&nbsp;<\/p>\n<div class=\"row\">\n<div class=\"col-xl-5 col-lg-5 col-md-6 col-sm-12 col-12\"><img decoding=\"async\" class=\"alignnone size-full wp-image-23432\" src=\"https:\/\/aloeorganic.mk\/wp-content\/uploads\/2023\/05\/AloeFace-mask-machine_.webp\" alt=\"\" width=\"752\" height=\"879\" \/><\/div>\n<div class=\"col-xl-7 col-lg-7 col-md-6 col-sm-12 col-12\">\n<h2><strong><br \/>\n<span style=\"color: #008000;\">Karakteristikat kryesore <\/span><br \/>\n<\/strong><\/h2>\n<p><span style=\"color: #000000;\"><strong>Zgjoni bukurin\u00eb tuaj dhe keni l\u00ebkur\u00eb t\u00eb sh\u00ebndetshme:<\/strong> AloeFace Facial Mask Maker do t\u2019ju mund\u00ebsoj\u00eb nj\u00eb mask\u00eb natyrale, organike, shum\u00eb cil\u00ebsore, multifunksionale dhe t\u00eb sigurt\u00eb p\u00ebr fytyr\u00ebn, q\u00eb \u00ebsht\u00eb b\u00ebr\u00eb nga xheli i gjetheve t\u00eb aloe ver\u00ebs s\u00eb fresk\u00ebt. Me k\u00ebt\u00eb aparat AloeFace Facial Mask Maker, ju mund vet\u00eb n\u00eb sht\u00ebpi t\u00eb b\u00ebni mask\u00eb p\u00ebr fytyr\u00ebn dhe ta g\u00ebzoni dit\u00ebn tuaj.<\/span><\/p>\n<p><span style=\"color: #000000;\"><strong>Maska DIY natyrale dhe organike me aparatin AloeFace Facial Mask Maker:<\/strong> lejojini vetes q\u00eb t\u00eb b\u00ebni maska natyrale dhe organike p\u00ebr fytyr\u00ebn, maska p\u00ebr syt\u00eb, buzat dhe hund\u00ebn me xhelin nga gjethet e Aloe Ver\u00ebs s\u00eb fresk\u00ebt, q\u00eb p\u00ebrmbajn\u00eb vitamina, minerale, aminoacide dhe kolagjen p\u00ebr ta b\u00ebr l\u00ebkur\u00ebn tuaj t\u00eb fresk\u00ebt dhe t\u00eb sh\u00ebndetshme. K\u00ebto maska mund\u00ebsojn\u00eb absorbimin m\u00eb t\u00eb mir\u00eb t\u00eb materieve ushqyese p\u00ebr l\u00ebkur\u00ebn e fytyr\u00ebs suaj, duke siguruar \u201cgreen skincare\u201d, duke i mund\u00ebsuar l\u00ebkur\u00ebs fleksibilitet dhe vitalitet. Jan\u00eb t\u00eb sigurta dhe t\u00eb sh\u00ebndetshme dhe absorbohen shum\u00eb shpejt.<\/span><\/p>\n<p><span style=\"color: #000000;\"><strong>AloeFace Mask Maker Machine automatike:<\/strong> Maska automatikisht do t\u00eb formohet n\u00eb m\u00ebnyr\u00eb t\u00eb barabart\u00eb n\u00eb ABS kall\u00ebpin p\u00ebr mask\u00eb, duke derdhur vet\u00ebm l\u00ebngun nga aparati dhe nuk ka nevoj\u00eb nga mask\u00eb letre p\u00ebr formim. P\u00ebrshtatni mask\u00ebn q\u00eb t\u00eb jet\u00eb perfekte dhe p\u00ebr t\u00eb p\u00ebrshtatur m\u00eb mir\u00eb fytyr\u00ebs suaj.<\/span><\/p>\n<p><span style=\"color: #000000;\"><strong>Madh\u00ebsia p\u00ebrkat\u00ebse e kall\u00ebpit t\u00eb mask\u00ebs:<\/strong> ABS pllaka p\u00ebr mask\u00eb p\u00ebrshtatet me form\u00ebn e fytyr\u00ebs s\u00eb njeriut dhe p\u00ebrmban modelin e kall\u00ebpit t\u00eb syve, hund\u00ebs dhe goj\u00ebs, q\u00eb e b\u00ebn mask\u00ebn p\u00ebr fytyr\u00eb t\u00eb p\u00ebrsorur.<\/span><\/p>\n<p><span style=\"color: #000000;\"><strong>Aparat i qet\u00eb, automatik dhe i leht\u00eb p\u00ebr trajtim:<\/strong> dizajnuar vet\u00ebm me nj\u00eb buton p\u00ebr ky\u00e7je p\u00ebr t\u00eb kontrolluar t\u00eb gjitha funksionet. Klikoni butonin e ky\u00e7jes p\u00ebr t\u00eb kaluar ose konfirmuar regjimin e krijimit t\u00eb mask\u00ebs ose regjimin e pastrimit t\u00eb aparatit. Procedura e krijimit t\u00eb mask\u00ebs k\u00ebrkon vet\u00ebm 5 minuta, q\u00eb e b\u00ebn shum\u00eb ekonomik dhe i p\u00ebrshtatsh\u00ebm p\u00ebr bukuri t\u00eb sigurit t\u00eb fytyr\u00ebs suaj n\u00eb sht\u00ebpi. Hapa t\u00eb detajuara t\u00eb pun\u00ebs jan\u00eb p\u00ebrshkruar n\u00eb udh\u00ebzimin.<\/span><\/p>\n<p><span style=\"color: #000000;\"><strong>Kurseni energji dhe lastrim i leht\u00eb:<\/strong> ky aparat p\u00ebrdor UVC sterilizimin dhe teknologjin\u00eb ultravjollc\u00eb p\u00ebr pastrim. Vet\u00ebm kaloni butonin n\u00eb regjimin e pastrimit automatik p\u00ebr t\u00eb larguar mbetjet nga aparati AloeFace Mask Maker, duke kursyer uj\u00eb dhe energji. Ju lutemi, p\u00ebrdorni fur\u00e7\u00ebn e pastrimti p\u00ebr ta parstruar rezervuarin e p\u00ebrzierjes.<\/span><\/p>\n<p><span style=\"color: #000000;\"><strong>Rekomandim:<\/strong> Ju lutemi, para p\u00ebrdorimit, lexoni me kujdes udh\u00ebzimet dhe masat paraprake t\u00eb AloeFace aparatit p\u00ebr t\u00eb b\u00ebr\u00eb maska. Kolagjeni \u00ebsht\u00eb i p\u00ebrfshir\u00eb n\u00eb k\u00ebt\u00eb kuti.<\/span><\/p>\n<p><span style=\"color: #000000;\">Para se t\u00eb filloni me procedur\u00ebn e p\u00ebrgatitjes s\u00eb mask\u00ebs p\u00ebr fytyr\u00eb, ju lutemi t\u00eb p\u00ebrgatitni 20 ml t\u00eb xhelit t\u00eb fresk\u00ebt nga gjethet e Aloe ver\u00ebs dhe pastaj p\u00ebrzieni ato me uj\u00eb sipas udh\u00ebzimeve.<\/span><\/p>\n<p><span style=\"color: #000000;\"><br \/>\n<img decoding=\"async\" class=\"alignnone wp-image-23449 size-thumbnail\" src=\"https:\/\/aloeorganic.mk\/wp-content\/uploads\/2023\/05\/All-Natural-150x150.webp\" alt=\"\" width=\"150\" height=\"150\" \/><img decoding=\"async\" class=\"alignnone wp-image-23452 size-thumbnail\" src=\"https:\/\/aloeorganic.mk\/wp-content\/uploads\/2023\/05\/Chemical-Free-150x150.webp\" alt=\"\" width=\"150\" height=\"150\" \/><img decoding=\"async\" class=\"alignnone wp-image-23455 size-thumbnail\" src=\"https:\/\/aloeorganic.mk\/wp-content\/uploads\/2023\/05\/Anti-Ageing-150x150.webp\" alt=\"\" width=\"150\" height=\"150\" \/><br \/>\n<\/span><\/p>\n<\/div>\n<\/div>\n<div class=\"row\">\n<h2><strong><br \/>\n<span style=\"color: #008000;\">Si ta p\u00ebrdorni aparatin AloeFace Mask Machine p\u00ebr t\u00eb b\u00ebr\u00eb maska p\u00ebr fytyr\u00eb:<\/span><br \/>\n<\/strong><\/h2>\n<ol>\n<li><span style=\"color: #000000;\">Vendosni aparatin AloeFace Mask Machine n\u00eb nj\u00eb sip\u00ebrfaqe t\u00eb shesht\u00eb.<\/span><\/li>\n<li><span style=\"color: #000000;\">Lidhni kabllon e ngarkimit dhe ky\u00e7ni n\u00eb priz\u00ebn.<\/span><\/li>\n<li><span style=\"color: #000000;\">Prekni butonin e ky\u00e7jes.<\/span><\/li>\n<li><span style=\"color: #000000;\">Futni p\u00ebrb\u00ebrjet n\u00eb aparatin &#8211; shtoni 60 ml uj\u00eb.<\/span><\/li>\n<li><span style=\"color: #000000;\">Shtoni 20 ml xhel t\u00eb aloe ver\u00ebs s\u00eb freks\u00ebt (kujdeseni q\u00eb ta p\u00ebrzieni xhelin e aloe ver\u00ebs s\u00eb fresk\u00ebt me uj\u00eb para se ta futni n\u00eb rezervuarin).<\/span><\/li>\n<li><span style=\"color: #000000;\">Shtoni 1 tabler\u00eb kolagjeni n\u00eb rezervuarin.<\/span><\/li>\n<li><span style=\"color: #000000;\">Mbyllni kapakun dhe ky\u00e7ni butonin q\u00eb aparati t\u00eb filloj\u00eb me pun\u00eb.<\/span><\/li>\n<li><span style=\"color: #000000;\">Pas 5 minutave, maska \u00ebsht\u00eb e gatshme (drita p\u00ebr pun\u00eb n\u00eb ekratin \u00ebsht\u00eb e ky\u00e7ur dhe ka nj\u00eb tingull).<\/span><\/li>\n<li><span style=\"color: #000000;\">Vendosni kall\u00ebpin e mask\u00ebs para aparatit \u2013 shtypni butonin p\u00ebr derdhjen e mask\u00ebs q\u00eb l\u00ebngu t\u00eb derdhet n\u00eb kall\u00ebpin.<\/span><\/li>\n<li><span style=\"color: #000000;\">Prisni disa minuta q\u00eb maska t\u00eb ftohet.<\/span><\/li>\n<li><span style=\"color: #000000;\">P\u00ebrdorni shtojc\u00ebn q\u00eb ta ngritni dhe nxirrni mask\u00ebn nga kall\u00ebpi.<\/span><\/li>\n<li><span style=\"color: #000000;\">Vendosni mask\u00ebn n\u00eb fytyr\u00ebn.<\/span><\/li>\n<\/ol>\n<\/div>\n<div class=\"row\">\n<div class=\"col-xl-4 col-lg-4 col-md-4 col-sm-12 col-12 mb-4\">\n<h2><strong><br \/>\n<span style=\"color: #008000;\"> \u00cbsht\u00eb ideal p\u00ebr:<\/span><br \/>\n<\/strong><\/h2>\n<ul>\n<li><span style=\"color: #000000;\">Hidratim t\u00eb thell\u00eb<\/span><\/li>\n<li><span style=\"color: #000000;\">L\u00ebkur\u00eb me vija t\u00eb holla<\/span><\/li>\n<li><span style=\"color: #000000;\">Pigmentim<\/span><\/li>\n<li><span style=\"color: #000000;\">Akne<\/span><\/li>\n<li><span style=\"color: #000000;\">L\u00ebkur\u00eb t\u00eb that\u00eb ose t\u00eb yndyrshme<\/span><\/li>\n<li><span style=\"color: #000000;\">Reduktim t\u00eb poreve<\/span><\/li>\n<li><span style=\"color: #000000;\">Alergji<\/span><\/li>\n<\/ul>\n<h2><strong><br \/>\n<span style=\"color: #000000;\"> <span style=\"color: #008000;\">P\u00ebrfitimet:<\/span><\/span><br \/>\n<\/strong><\/h2>\n<ul>\n<li><span style=\"color: #000000;\">T\u00eb gjith\u00eb p\u00ebrb\u00ebrjet jan\u00eb natyrale<\/span><\/li>\n<li><span style=\"color: #000000;\">Nuk ka kimikate<\/span><\/li>\n<li><span style=\"color: #000000;\">Kund\u00ebr plakjes<\/span><\/li>\n<\/ul>\n<\/div>\n<div class=\"col-xl-4 col-lg-4 col-md-4 col-sm-12 col-12 mb-4\">\n<h2><strong><br \/>\n<span style=\"color: #008000;\">\u00c7far\u00eb p\u00ebrmban:<\/span><br \/>\n<\/strong><\/h2>\n<ul>\n<li><span style=\"color: #000000;\">1 x AloeFace Maker aparat p\u00ebr t\u00eb b\u00ebr\u00eb maska p\u00ebr fytyr\u00ebn<\/span><\/li>\n<li><span style=\"color: #000000;\">1 x kall\u00ebp p\u00ebr mask\u00eb p\u00ebr fytyr\u00ebn<\/span><\/li>\n<li><span style=\"color: #000000;\">1 x 100 ml got\u00eb<\/span><\/li>\n<li><span style=\"color: #000000;\">1 x kabllo t\u00eb energjis\u00eb<\/span><\/li>\n<li><span style=\"color: #000000;\">1 x fur\u00e7\u00eb pastrimi<\/span><\/li>\n<li><span style=\"color: #000000;\">1 x kruese maske<\/span><\/li>\n<li><span style=\"color: #000000;\">16 x tableta bioaktieve kolagjeni<\/span><\/li>\n<li><span style=\"color: #000000;\">1 x udh\u00ebzim p\u00ebrdorimi<\/span><\/li>\n<li>nj\u00eb vit garanci<\/li>\n<\/ul>\n<\/div>\n<div class=\"col-xl-4 col-lg-4 col-md-4 col-sm-12 col-12 mb-4\">\n<h2><strong><br \/>\n<span style=\"color: #008000;\">Specifikim:<\/span><br \/>\n<\/strong><\/h2>\n<ul>\n<li><span style=\"color: #000000;\">Certifikata: CE+ROHS<\/span><\/li>\n<li><span style=\"color: #000000;\">Materiali: ABS + \u00e7elik i pandryshksh\u00ebm<\/span><\/li>\n<li><span style=\"color: #000000;\">Lloji i pajisjes: AloeFace Mask Machine \u2013 aparat p\u00ebr t\u00eb b\u00ebr\u00eb maska p\u00ebr fytyr\u00ebn<\/span><\/li>\n<li><span style=\"color: #000000;\">Funksioni: B\u00ebrja e maskave natyrale p\u00ebr fytyr\u00eb n\u00eb sht\u00ebpi nga xheli i fresk\u00ebt i gjetheve t\u00eb Aloe Ver\u00ebs<\/span><\/li>\n<li><span style=\"color: #000000;\">Ngarkimi: AC 110-240V<\/span><\/li>\n<li><span style=\"color: #000000;\">Fuqia maksimale: 90 W<\/span><\/li>\n<li><span style=\"color: #000000;\">Frekuenca e funksionimit: 50-60 HZ<\/span><\/li>\n<li><span style=\"color: #000000;\">Temperatura e b\u00ebrjes s\u00eb mask\u00ebs: 80\u2103<\/span><\/li>\n<li><span style=\"color: #000000;\">V\u00ebllimi maksimal i ujit: 80 ml (20 ml xhel Aloe Vera i p\u00ebrzier me uj\u00eb + 60 ml uj\u00eb)<\/span><\/li>\n<li><span style=\"color: #000000;\">M\u00ebnyra e pun\u00ebs: ekran me prekje<\/span><\/li>\n<li><span style=\"color: #000000;\">Koha e p\u00ebrgatitjes s\u00eb mask\u00ebs: 5 minuta<\/span><\/li>\n<li><span style=\"color: #000000;\">Madh\u00ebsia e makin\u00ebs: 119*99.5*151mm<\/span><\/li>\n<li><span style=\"color: #000000;\">\u041d\u0435\u0442\u043e \u0442\u0435\u0436\u0438\u043d\u0430: 915 g<\/span><\/li>\n<li><span style=\"color: #000000;\">Madh\u00ebsia e kall\u00ebpit t\u00eb mask\u00ebs: 226*170*10mm<\/span><\/li>\n<li><span style=\"color: #000000;\">Ngjyra: e gjelb\u00ebr<\/span><\/li>\n<\/ul>\n<\/div>\n<\/div>\n<h2><strong><br \/>\n<span style=\"color: #008000;\">Si funksionon Aloe Face Mask Maker Machine?<\/span><br \/>\n<\/strong><\/h2>\n<p><span style=\"color: #000000;\">Aparati p\u00ebr t\u00eb b\u00ebr\u00eb maska p\u00ebr fytyr\u00ebn AloeFace transformon vitaminat dhe p\u00ebrb\u00ebrjet natyrale q\u00eb gjenden n\u00eb xhelin e Aloe ver\u00ebs n\u00eb nj\u00eb form\u00eb q\u00eb mund t\u00eb p\u00ebrdoret p\u00ebr kujdes t\u00eb l\u00ebkur\u00ebs suaj! Krijon nj\u00eb xhel n\u00eb baz\u00eb t\u00eb kolagjenit n\u00eb form\u00eb maske fytyra p\u00ebr t\u00eb ushqyer l\u00ebkur\u00ebn tuaj.<\/span><\/p>\n<p><span style=\"color: #000000;\">AloeFace Mask Maker Machine \u2013 aparati p\u00ebr b\u00ebrjen e mask\u00ebs p\u00ebr fytyr\u00eb shnd\u00ebrron xhelin nga gjethet e aloe ver\u00ebs dhe tablet\u00ebn e kolagjenit n\u00eb nj\u00eb p\u00ebrzierje maskash q\u00eb p\u00ebrforcohet n\u00eb form\u00eb gjethe, e ngjashme si pelt\u00eb. Gjith\u00e7ka q\u00eb duhet t\u00eb b\u00ebni \u00ebsht\u00eb q\u00eb t\u00eb krijoni nj\u00eb p\u00ebrzierje q\u00eb p\u00ebrb\u00ebhet nga uji, xheli i aloe ver\u00ebs dhe tablera e kolagjenit, pastaj ta ky\u00e7ni butonin e fillimit dhe t\u00eb pritni pes\u00eb minuta derisa AloeFace Mask Machine aparatin q\u00eb t\u2019i p\u00ebrziej\u00eb p\u00ebrb\u00ebrjet. Pas p\u00ebrfundimit, shtypni butonin e aparatit AloeFace Mask Machine p\u00ebr t\u00eb derdhur p\u00ebrzierja n\u00eb kall\u00ebpin e mask\u00ebs dhe pritni q\u00eb t\u00eb ftohet dhe forcohet. Pas ftohjes, vet\u00ebm duhet t\u00eb nxirret nga kall\u00ebpi dhe ta vendosni n\u00eb fytyr\u00ebn. Mir\u00eb s\u00eb vini n\u00eb fytyr\u00ebn me DIY kujdesin p\u00ebr l\u00ebkur\u00ebn tuaj.<\/span><\/p>\n<h2><strong><br \/>\n<span style=\"color: #008000;\">Pse do ta p\u00eblqeni k\u00ebt\u00eb aparat AloeFace Mask Maker<\/span><br \/>\n<\/strong><\/h2>\n<p><span style=\"color: #000000;\">P\u00ebrpar\u00ebsia kryesore e k\u00ebtij aparati AloeFace Mask Maker \u00ebsht\u00eb se ai ju ofron liri q\u00eb t\u00eb krijoni maska n\u00eb sht\u00ebpi nga xheli i Aloe ver\u00ebs s\u00eb fresk\u00ebt, t\u00eb cilat jan\u00eb p\u00ebrkat\u00ebse p\u00ebr llojin tuaj t\u00eb l\u00ebkur\u00ebs. Gjithashtu, maska p\u00ebr fytyr\u00eb \u00ebsht\u00eb e sigurt dhe e p\u00ebrshtatur ndaj nevojave tuaja, sepse ju vet\u00eb e b\u00ebni at\u00eb n\u00eb sht\u00ebpi.<\/span><\/p>\n<p><span style=\"color: #000000;\">Kur b\u00ebni mask\u00eb p\u00ebr fytyr\u00eb, jeni t\u00eb sigurt p\u00ebr p\u00ebrb\u00ebrjet q\u00eb p\u00ebrfshihen n\u00eb mask\u00ebn tuaj. Nuk duhet t\u00eb kujdeseni m\u00eb p\u00ebr kontaminimin me plumb dhe zhiv\u00eb. Gjithashtu, nuk duhet t\u00eb kujdeseni p\u00ebr irrituesit e l\u00ebkur\u00ebs, q\u00eb mund ta irritojn\u00eb fytyr\u00ebn tuaj. Ky aparat AloeFace Mask Maker \u00ebsht\u00eb m\u00ebnyra m\u00eb e mir\u00eb q\u00eb t\u00eb b\u00ebhet nj\u00eb trajtim natyral t\u00eb kujdesit t\u00eb l\u00ebkur\u00ebs n\u00eb sht\u00ebpi! \u00cbsht\u00eb i leht\u00eb p\u00ebr p\u00ebrdorim dhe pa rr\u00ebmij\u00eb n\u00eb sht\u00ebpi gjat\u00eb procesit t\u00eb b\u00ebrjes s\u00eb maskave natyrale p\u00ebr fytyr\u00eb me xhel nga gjethet e aloe ver\u00ebs s\u00eb fresk\u00ebt.<\/span><\/p>\n<p><span style=\"color: #000000;\">Aparati AloeFace Mask Maker p\u00ebr 100% mask\u00eb organike dhe natyrale p\u00ebr fytyr\u00eb nga xheli i Aloe ver\u00ebs s\u00eb freks\u00ebt, q\u00eb p\u00ebrshtatetet ndaj nevojave t\u00eb l\u00ebkur\u00ebs suaj dhe \u00ebsht\u00eb dhurat\u00eb ideale p\u00ebr \u00e7do grua.<\/span><\/p>\n<p><span style=\"color: #000000;\">Arg\u00ebtohuni n\u00eb sht\u00ebpi duke b\u00ebr\u00eb maskat tuaja p\u00ebr fytyr\u00eb me xhelin e e aloe ver\u00ebs s\u00eb fresk\u00ebt me aparatin AloeFace Mask.<\/span><\/p>\n<ul>\n<li><span style=\"color: #000000;\"><strong>A jeni t\u00eb mira maskat p\u00ebr fytyr\u00eb \u201cb\u00ebje vete\u201d?<\/strong><\/span><\/li>\n<\/ul>\n<p><span style=\"color: #000000;\">\u201cB\u00ebni vete\u201d maskat p\u00ebr fytyr\u00eb jan\u00eb t\u00eb shk\u00eblqyeshme p\u00ebr l\u00ebkur\u00ebn tuaj. P\u00ebrmir\u00ebsojn\u00eb hidratimin dhe mund ti zbusin shenjat e plakjes. P\u00ebr shkak se jan\u00eb b\u00ebr\u00eb n\u00eb m\u00ebnyr\u00eb natyrore, nuk p\u00ebrmbajn\u00eb kimikalie dhe konservans\u00eb dhe jan\u00eb t\u00eb p\u00ebrshtatshme p\u00ebr l\u00ebkur\u00ebn e ndjeshme.<\/span><\/p>\n","protected":false},"excerpt":{"rendered":"<p><span style=\"color: #000000;\"><br \/>\n<strong>A d\u00ebshironi q\u00eb l\u00ebkura juaj t\u00eb jet\u00eb me shk\u00eblqim, elastike dhe thell\u00ebsisht e hidratuar?<\/strong><br \/>\n<\/span><\/p>\n<p><span style=\"color: #000000;\">Jeni t\u00eb shqet\u00ebsuar p\u00ebr cil\u00ebsin\u00eb e maskave q\u00eb shiten ose po pyesni veten se cila \u00ebsht\u00eb zgjidhja e duhur e mask\u00ebs p\u00ebr problemet me fytyr\u00ebn tuaj?<\/span><\/p>\n<p><span style=\"color: #000000;\">Maskat p\u00ebr fytyr\u00eb 100% natyrale dhe organike nga xheli i gjetheve t\u00eb Aloe ver\u00ebs s\u00eb fresk\u00ebt n\u00eb sht\u00ebpi!<\/span><\/p>\n<p><span style=\"color: #000000;\">Aparati AloeFace Facial Mask Maker p\u00ebr t\u00eb b\u00ebr\u00eb maska p\u00ebr fytyr\u00eb, ju mund\u00ebson q\u00eb t\u00eb b\u00ebni maska p\u00ebr fytyr\u00eb nga xheli natyral, organik dhe i fresk\u00ebt nga gjethet e Aloe Ver\u00ebs, duke siguruar p\u00ebrfitime sa i p\u00ebrket hidratimit t\u00eb thell\u00eb t\u00eb l\u00ebkur\u00ebs suaj. B\u00ebni vet\u00eb dhe k\u00ebnaquni me maskat tuaja p\u00ebr fytyr\u00eb me xhel t\u00eb fresk\u00ebt nga gjethet e Aloe Ver\u00ebs, q\u00eb jan\u00eb pa konservans\u00eb, pa kimikalie ose p\u00ebrb\u00ebrje t\u00eb tjera irrituese dhe jan\u00eb super t\u00eb sigurta dhe t\u00eb sh\u00ebndetshme.<\/span><\/p>\n<p><span style=\"color: #000000;\">Aparati AloeFace \u041cask Maker \u00ebsht\u00eb aparati i par\u00eb p\u00ebr t\u00eb b\u00ebr\u00eb maskat p\u00ebr fytyr\u00eb n\u00eb sht\u00ebpi, q\u00eb ju mund\u00ebson q\u00eb t\u00eb b\u00ebni maska organike profesionale me xhel me cil\u00ebsi spa. Krijoni maska t\u00eb sh\u00ebndetshme me p\u00ebrb\u00ebrje t\u00ebr\u00ebs\u00ebsiht natyrale nga xheli i Aloe Ver\u00ebs s\u00eb fresk\u00ebt, q\u00eb mund\u00ebsojn\u00eb absorbimin m\u00eb t\u00eb mir\u00eb t\u00eb materieve ushqyese p\u00ebr l\u00ebkur\u00ebn e fytyr\u00ebs, duke siguruar kujdes p\u00ebr l\u00ebkur\u00ebn tuaj, kthim t\u00eb fleksibilitetit dhe vitalitetit t\u00eb l\u00ebkur\u00ebs.<\/span><\/p>\n<p><span style=\"color: #000000;\">Aparati AloeFace Facial Maker Machine do ta b\u00ebj\u00eb l\u00ebkur\u00ebn tuaj m\u00eb t\u00eb sh\u00ebndetshme, t\u00eb past\u00ebr dhe elastike. Vajrat natyrale dhe organike t\u00eb xhelit t\u00eb aloe ver\u00ebs s\u00eb fresk\u00ebt do t\u00eb ndihmojn\u00eb p\u00ebr pastrim t\u00eb thell\u00eb t\u00eb poreve, largim t\u00eb akneve dhe p\u00ebr hidratim t\u00eb l\u00ebkur\u00ebs suaj.<\/span><\/p>\n<p><span style=\"color: #000000;\">B\u00ebjini q\u00eb k\u00ebto maska organike dhe natyrale t\u00eb jen\u00eb pjes\u00eb t\u00eb dit\u00ebs suaj spa n\u00eb sht\u00ebpi, me q\u00ebllim q\u00eb ta p\u00ebrfitoni efektin m\u00eb t\u00eb mir\u00eb p\u00ebr kujdes t\u00eb l\u00ebkur\u00ebs suaj, p\u00ebr shtr\u00ebngim dhe rinovim t\u00eb elasticitetit t\u00eb l\u00ebkur\u00ebs me maskat nga xheli i Aloe Ver\u00ebs s\u00eb fresk\u00ebt. Maskat xhel t\u00eb b\u00ebra me aparatin AloeFace Mask Maker ndihmojn\u00eb n\u00eb p\u00ebrmir\u00ebsimin e absorbimit t\u00eb p\u00ebrb\u00ebrjeve t\u00eb xhelit t\u00eb Aloe Ver\u00ebs s\u00eb fresk\u00ebt n\u00eb l\u00ebkur\u00ebn deri n\u00eb tri her\u00eb m\u00eb efikase se maskat tradicionale dhe n\u00eb m\u00ebnyr\u00eb t\u00eb vazhdueshme ushqen l\u00ebkur\u00ebn e fytyr\u00ebs suaj.<\/span><\/p>\n<p><span style=\"color: #000000;\">Aparati AloeFace Mask Maker vjen me 16 tableta peptide kolegjeni bioaktive, q\u00eb p\u00ebrdoren p\u00ebr transformimin e xhelit t\u00eb aloe ver\u00ebs s\u00eb fresk\u00ebt n\u00eb mask\u00eb xheli.<\/span><\/p>\n","protected":false},"featured_media":23428,"comment_status":"closed","ping_status":"closed","template":"","meta":[],"product_cat":[39],"product_tag":[83,81,97,89,99],"_links":{"self":[{"href":"https:\/\/aloeorganic.mk\/sq\/wp-json\/wp\/v2\/product\/26350"}],"collection":[{"href":"https:\/\/aloeorganic.mk\/sq\/wp-json\/wp\/v2\/product"}],"about":[{"href":"https:\/\/aloeorganic.mk\/sq\/wp-json\/wp\/v2\/types\/product"}],"replies":[{"embeddable":true,"href":"https:\/\/aloeorganic.mk\/sq\/wp-json\/wp\/v2\/comments?post=26350"}],"wp:featuredmedia":[{"embeddable":true,"href":"https:\/\/aloeorganic.mk\/sq\/wp-json\/wp\/v2\/media\/23428"}],"wp:attachment":[{"href":"https:\/\/aloeorganic.mk\/sq\/wp-json\/wp\/v2\/media?parent=26350"}],"wp:term":[{"taxonomy":"product_cat","embeddable":true,"href":"https:\/\/aloeorganic.mk\/sq\/wp-json\/wp\/v2\/product_cat?post=26350"},{"taxonomy":"product_tag","embeddable":true,"href":"https:\/\/aloeorganic.mk\/sq\/wp-json\/wp\/v2\/product_tag?post=26350"}],"curies":[{"name":"wp","href":"https:\/\/api.w.org\/{rel}","templated":true}]}}