{"id":28348,"date":"2023-05-17T21:43:49","date_gmt":"2023-05-17T19:43:49","guid":{"rendered":"https:\/\/aloeorganic.mk\/product\/gjethja-e-fresket-organike-premium-e-aloe-veres\/"},"modified":"2023-08-23T00:33:18","modified_gmt":"2023-08-22T22:33:18","slug":"gjethja-e-fresket-organike-premium-e-aloe-veres","status":"publish","type":"product","link":"https:\/\/aloeorganic.mk\/sq\/product\/gjethja-e-fresket-organike-premium-e-aloe-veres\/","title":{"rendered":"Gjethja e Fresk\u00ebt Organike Premium e Aloe Ver\u00ebs"},"content":{"rendered":"<div class=\"row\">\n<div class=\"col-xl-5 col-lg-5 col-md-6 col-sm-12 col-12\"><img decoding=\"async\" class=\"alignnone wp-image-13977 size-full\" src=\"https:\/\/aloeorganic.mk\/wp-content\/uploads\/2016\/04\/aloe-vera-leaf_la.jpg\" alt=\"\" width=\"1416\" height=\"824\"><\/div>\n<div class=\"col-xl-7 col-lg-7 col-md-6 col-sm-12 col-12\">\n<h2><span style=\"color: #008000;\"><strong>Informacione t\u00eb p\u00ebrgjithshme:<\/strong><\/span><\/h2>\n<p><span style=\"color: #000000;\">Aloe Vera paraqet nj\u00eb bim\u00eb mjek\u00ebsore q\u00eb p\u00ebrdoret p\u00ebr trajtimin e gjendjeve t\u00eb ndryshme sh\u00ebndet\u00ebsore p\u00ebr mij\u00ebra vite. Gjethet e Aloe Ver\u00ebs (Barbadensis Miller) jan\u00eb korrur nga bim\u00ebt e pjekura t\u00eb Aloe Ver\u00ebs, q\u00eb rriten n\u00eb m\u00ebnyr\u00eb organike dhe eco-friendly n\u00eb serra n\u00eb Spanj\u00eb. Ato karakterizohen me madh\u00ebsin\u00eb e tyre dhe sasin\u00eb e xhelit q\u00eb gjendet n\u00eb pjes\u00ebn e brendshme t\u00eb gjetheve t\u00eb Aloe Ver\u00ebs, i cili p\u00ebrmban t\u00eb gjitha vetit\u00eb ushqyese dhe p\u00ebrfitimet p\u00ebr t\u00eb p\u00ebrdorur n\u00eb ushqimin, p\u00ebr p\u00ebrdorimin e jasht\u00ebm dhe kozmetik. <\/span><\/p>\n<p><span style=\"color: #000000;\">Me q\u00ebllim q\u00eb t\u2019i ruajtur vetit\u00eb e tyre dhe rruajtjes s\u00eb fresk\u00ebsis\u00eb, gjedhet e Aloe Ver\u00ebs mblidhen menj\u00ebher\u00eb para konsumimit. Gjethet e fresk\u00ebta t\u00eb Aloe Ver\u00ebs posedojn\u00eb vetit\u00eb qet\u00ebsuese, antimikrobike, antiinflamatore, antioksiduese, afrodiziake, antihelmintike, antifungale dhe antiseptike, t\u00eb cilat n\u00eb m\u00ebnyr\u00eb efikase mb\u00ebshtetin dhe p\u00ebrmir\u00ebsojn\u00eb gjendjen e p\u00ebrgjithshme sh\u00ebndet\u00ebsore dhe promovojn\u00eb m\u00ebnyr\u00ebn e sh\u00ebndetshme t\u00eb jet\u00ebs. <\/span><\/p>\n<p><span style=\"color: #000000;\">Cil\u00ebsia e gjetheve t\u00eb fresk\u00ebta t\u00eb Aloe Ver\u00ebs, La Vendita, u konfirmua edhe me certifikat\u00eb t\u00eb Bashkimit Europian p\u00ebr bujq\u00ebsi organike, ne certifikat\u00eb t\u00eb CAAE p\u00ebr produkte orgnaike dhe certifikat\u00eb t\u00eb Extremadura p\u00ebr ushqim dhe produkte organike. P\u00ebrve\u00e7 k\u00ebsaj, kulturat e Aloe Ver\u00ebs jan\u00eb mb\u00ebshtetur edhe me certifikatat Global Gap p\u00ebr Good Agricultural Practices.<\/span><\/p>\n<p><span style=\"color: #000000;\"><img decoding=\"async\" class=\"alignnone wp-image-22433 size-thumbnail\" src=\"https:\/\/aloeorganic.mk\/wp-content\/uploads\/2023\/05\/eu-organic-logo-150x150.webp\" alt=\"\" width=\"150\" height=\"150\"><img decoding=\"async\" class=\"alignnone wp-image-22424 size-thumbnail\" src=\"https:\/\/aloeorganic.mk\/wp-content\/uploads\/2023\/05\/thumbnail_fresh-150x150.webp\" alt=\"\" width=\"150\" height=\"150\"><img decoding=\"async\" class=\"alignnone wp-image-22421 size-thumbnail\" src=\"https:\/\/aloeorganic.mk\/wp-content\/uploads\/2023\/05\/thumbnail-organic-150x150.webp\" alt=\"\" width=\"150\" height=\"150\"><\/span><\/p>\n<\/div>\n<h2><span style=\"color: #008000;\"><strong>M\u00ebnyra e p\u00ebrdorimit:<\/strong><\/span><\/h2>\n<\/div>\n<div class=\"row\">\n<p><span style=\"color: #000000;\"><strong>Prekni baz\u00ebn dhe pjes\u00ebn e sip\u00ebrme t\u00eb gjethes s\u00eb Aloe Ver\u00ebs. Futni gjethen me baz\u00ebn posht\u00eb n\u00eb nj\u00eb en\u00eb t\u00eb thell\u00eb, p\u00ebr t\u00eb kulluar aloin\u00ebn. Prisni rreth 30 minuta dhe pastaj hiqni x.helin nga pjesa e brendshme e gjethes s\u00eb Aloe Ver\u00ebs, duke hequr pjes\u00ebn e gjelb\u00ebr t\u00eb gjethes (l\u00ebkur\u00ebs). <\/strong><\/span><\/p>\n<p><span style=\"color: #000000;\">N\u00ebse p\u00ebrdorni xhelin p\u00ebr p\u00ebrdorim t\u00eb jasht\u00ebm, xheli i fresk\u00ebt e Aloe Ver\u00ebs \u00ebsht\u00eb i gatsh\u00ebm p\u00ebr p\u00ebrdorim n\u00eb kremra, maska ose p\u00ebr aplikim direkt mbi l\u00ebkur\u00ebn. Mund ta aplikoni xhelin e fresk\u00ebt t\u00eb Aloe Ver\u00ebs n\u00eb m\u00ebnyr\u00eb lokale p\u00ebr trajtimin e l\u00ebkur\u00ebs suaj gjat\u00eb gjendjeve t\u00eb ndryshme t\u00eb l\u00ebkur\u00ebs, si edhe p\u00ebr djegie. Aplikoni xhelin e fresk\u00ebt t\u00eb Aloe Ver\u00ebs n\u00eb m\u00ebnyr\u00eb direkte mbi l\u00ebkur\u00ebn tuaj.<\/span><\/p>\n<p><span style=\"color: #000000;\">P\u00ebr konsumim si ushqim duhet t\u00eb lahet me pak uj\u00eb dhe t\u00eb lihet q\u00eb t\u00eb zhytet n\u00eb uj\u00eb p\u00ebr t\u00eb hequr aloin\u00ebn. <\/span><\/p>\n<p><span style=\"color: #000000;\"><strong>Lani xhelin e Aloe Ver\u00ebs me uj\u00eb dhe l\u00ebreni at\u00eb q\u00eb t\u00eb zhytet n\u00eb uj\u00eb nga 6 deri 12 or\u00eb. Mund ta konsumoni si ushqim. Shtoni copat e xhelit t\u00eb Aloe Ver\u00ebs n\u00eb l\u00ebngun tuaj, sallatat, l\u00ebngjet ose cop\u00ebtoni xhelin dhe konsumoni l\u00ebngun nga gjethja e fresk\u00ebt t\u00eb Aloe Ver\u00ebs. <\/strong><\/span><\/p>\n<\/div>\n<div class=\"row\">\n<p><span style=\"color: #000000;\">P\u00ebr t\u00eb b\u00ebr\u00eb l\u00ebng nga gjethet e Aloe Ver\u00ebs, p\u00ebrdorni 1 got\u00eb l\u00ebng p\u00ebr \u00e7do 2 lug\u00eb xheli t\u00eb Aloe Ver\u00ebs. Shtoni cilado p\u00ebrb\u00ebrje t\u00eb tjera, si\u00e7 jan\u00eb pema dhe p\u00ebrdorni blender ose p\u00ebrpunues ushqimi p\u00ebr t\u00eb p\u00ebrzier\u00eb pijen. Rekomandohet q\u00eb t\u00eb konsumohen rreth 50 ml t\u00eb l\u00ebngut t\u00eb Aloe Ver\u00ebs n\u00eb nivel ditor. <\/span><\/p>\n<p><span style=\"color: #000000;\">Lexoni dis aprej recetave n\u00eb <span style=\"color: #008000;\"><a style=\"color: #008000;\" title=\"Blog\" href=\"https:\/\/aloeorganic.mk\/blog\/\"><strong>BLOG-un ton\u00eb ALOE VERA, <\/strong><\/a> <span style=\"color: #000000;\">p\u00ebr t\u00eb b\u00ebr\u00eb nj\u00eb produkt sht\u00ebpiak p\u00ebr bukuri ose p\u00ebr konsum.<\/span><\/span><\/span><\/p>\n<p><span style=\"color: #000000;\">Copat e fresk\u00ebta t\u00eb Aloe Ver\u00ebs ruani n\u00eb frigorifer, por m\u00eb s\u00eb miri \u00ebsht\u00eb q\u00eb t\u2019i konsumoni sa m\u00eb shpejt\u00eb q\u00eb t\u00eb jet\u00eb e mundur. Ju gjithmon\u00eb mund ta ruani xhelin e Aloe Ver\u00ebs n\u00eb frigorifer dhe ta p\u00ebrdorni n\u00eb t\u00eb ardhmen.<\/span><\/p>\n<\/div>\n<h2><span style=\"color: #008000;\"><strong>Paketimi i produktit:<\/strong><\/span><\/h2>\n<p><span style=\"color: #000000;\">Gjethet e Aloe Ver\u00ebs jan\u00eb mbrojtur me mb\u00ebshtjell\u00ebs letre p\u00ebr ta parandaluar d\u00ebmtimin e tyre. Dor\u00ebzimi i gjetheve t\u00eb Aloe Ver\u00ebs, t\u00eb porositura n\u00eb m\u00ebnyr\u00eb elektronike, t\u00eb cilat do t\u00eb dor\u00ebzohen p\u00ebrmes partner\u00ebve tan\u00eb t\u00eb specializuar, jan\u00eb paketuar n\u00eb nj\u00eb kuti kartoni nga nj\u00eb gjethe t\u00eb Aloe Ver\u00ebs organike premium.<\/span><\/p>\n<h2><span style=\"color: #008000;\"><strong>T\u00eb dh\u00ebna teknike:<\/strong><\/span><\/h2>\n<p><span style=\"color: #000000;\">Nj\u00eb gjethe posedon cil\u00ebsi t\u00eb shk\u00eblqyeshme dhe madh\u00ebsi t\u00eb jasht\u00ebzakonshme prej rreth 70-75 cm n\u00eb gjat\u00ebsi dhe 13-14 cm n\u00eb gjer\u00ebsi n\u00eb baz\u00ebn e saj. Pesha mesatare e secil\u00ebs gjethe \u00ebsht\u00eb m\u00eb shum\u00eb se 1 kg.<\/span><\/p>\n<h2><span style=\"color: #008000;\"><strong>Informacioni i r\u00ebnd\u00ebsish\u00ebm:<\/strong><\/span><\/h2>\n<p><span style=\"color: #000000;\">Ju lutemi, lexoni m\u00eb shum\u00eb rreth k\u00ebsaj n\u00eb <\/span> <span style=\"color: #008000;\"><a style=\"color: #008000;\" href=\"https:\/\/aloeorganic.mk\/pravilen-nacin-kako-da-se-ekstrahira-sveziot-gel-od-aloe-vera-listot\/\"><strong>SI DUHET T\u00cb NXIRRET N\u00cb M\u00cbNYR\u00cb T\u00cb RREGULLT XHELI NGA GJETHJA E ALOE VER\u00cbS S\u00cb FRESK\u00cbT!<\/strong><\/a><\/span><\/p>\n<div class=\"row\">\n<div class=\"col-xl-4 col-lg-4 col-md-4 col-sm-12 col-12 mb-4\">\n<h2><span style=\"color: #008000;\"><strong>Detaje rreth produktit<\/strong><\/span><span style=\"color: #008000;\"><strong>:<\/strong><\/span><\/h2>\n<ul>\n<li><span style=\"color: #000000;\">Gjethet e fresk\u00ebta t\u00eb Aloe Ver\u00ebs nga serrat &#8211; greenhouses n\u00eb Spanj\u00eb \u2013 NE<\/span><\/li>\n<li><span style=\"color: #000000;\">Gjethja e Aloe Ver\u00ebs premium \u00ebsht\u00eb e plot\u00eb me xhel t\u00eb fresk\u00ebt t\u00eb Aloe Ver\u00ebs<\/span><\/li>\n<li><span style=\"color: #000000;\">100% Orgnaike<\/span><\/li>\n<li><span style=\"color: #000000;\">100% Eco-friendly<\/span><\/li>\n<li><span style=\"color: #000000;\">100% Natyrale<\/span><\/li>\n<li><span style=\"color: #000000;\">100% Ushqim i sh\u00ebndetsh\u00ebm<\/span><\/li>\n<li><span style=\"color: #000000;\">Premium<\/span><\/li>\n<li><span style=\"color: #000000;\">E fresk\u00ebt<\/span><\/li>\n<li><span style=\"color: #000000;\">Aloe Vera posedon veti sh\u00ebruese<\/span><\/li>\n<li><span style=\"color: #000000;\">\u00c7do gjethe \u00ebsht\u00eb e korrur si e fresk\u00ebt, e pastruar dhe e paketuar p\u00ebr dor\u00ebzim<\/span><\/li>\n<li><span style=\"color: #000000;\">Nuk p\u00ebrdoren hormone t\u00eb rritjes, pesticide ose kimikalie<\/span><\/li>\n<li><span style=\"color: #000000;\">Nuk \u00ebsht\u00eb toksike dhe nuk ka efekte an\u00ebsore<\/span><\/li>\n<\/ul>\n<\/div>\n<div class=\"col-xl-4 col-lg-4 col-md-4 col-sm-12 col-12 mb-4\">\n<h2><strong><span style=\"color: #008000;\">P\u00ebrfitimet e Aloe Ver\u00ebs: <\/span><\/strong><\/h2>\n<ul>\n<li><span style=\"color: #000000;\">P\u00ebrforcimi i sistemit imunitar<\/span><\/li>\n<li><span style=\"color: #000000;\">Mbrojtja dhe p\u00ebrmir\u00ebsimi i sistemit tret\u00ebs<\/span><\/li>\n<li><span style=\"color: #000000;\">P\u00ebrmir\u00ebson qarkullimin<\/span><\/li>\n<li><span style=\"color: #000000;\">Super antioksidues<\/span><\/li>\n<li><span style=\"color: #000000;\">Ulja e kolesterolit LDL<\/span><\/li>\n<li><span style=\"color: #000000;\">Ulja e pesh\u00ebs dhe diabetit<\/span><\/li>\n<li><span style=\"color: #000000;\">Parandalim kund\u00ebr plakjes<\/span><\/li>\n<li><span style=\"color: #000000;\">Ul nivelin e sheqerit n\u00eb gjak<\/span><\/li>\n<li><span style=\"color: #000000;\">Redukton urthin<\/span><\/li>\n<li><span style=\"color: #000000;\">P\u00ebrdoret n\u00eb trajtimet e s\u00ebmundjes s\u00eb Kronit dhe hiatus hernis\u00eb<\/span><\/li>\n<li><span style=\"color: #000000;\">Hidraton thell\u00ebsisht l\u00ebkur\u00ebn dhe parandalon shfaqjen e rrudhave<\/span><\/li>\n<li><span style=\"color: #000000;\">Ndihmon n\u00eb trajtimin e plag\u00ebve dhe s\u00ebmundjeve t\u00eb l\u00ebkur\u00ebs<\/span><\/li>\n<li><span style=\"color: #000000;\">Redukton pllak\u00ebn dentare<\/span><\/li>\n<\/ul>\n<\/div>\n<div class=\"col-xl-4 col-lg-4 col-md-4 col-sm-12 col-12 mb-4\">\n<h2><strong><span style=\"color: #008000;\">P\u00ebrdorimi i rekomanduar i produktit:<\/span><\/strong><\/h2>\n<ul>\n<li><span style=\"color: #000000;\">P\u00ebrdorim i brendsh\u00ebm<\/span><\/li>\n<li><span style=\"color: #000000;\">P\u00ebrdorim i jasht\u00ebm<\/span><\/li>\n<li><span style=\"color: #000000;\">Parandalim dhe p\u00ebrmir\u00ebsim i gjendjes s\u00eb p\u00ebrgjithshme sh\u00ebndet\u00ebsore<\/span><\/li>\n<li><span style=\"color: #000000;\">Kujdes p\u00ebr l\u00ebkur\u00ebn tuaj<\/span><\/li>\n<li><span style=\"color: #000000;\">Kujdes p\u00ebr flok\u00ebt tuaj<\/span><\/li>\n<li><span style=\"color: #000000;\">Dieta<\/span><\/li>\n<\/ul>\n<h2><strong><span style=\"color: #008000;\">Lloji:<\/span><\/strong><\/h2>\n<p><span style=\"color: #000000;\">\u0410loe Vera Barbadensis Miller <\/span><span style=\"color: #000000;\">Organic Certificate Number 15574\/P and the Control organization ES-ECO-021-EX.<\/span><\/p>\n<\/div>\n<\/div>\n","protected":false},"excerpt":{"rendered":"<p><span style=\"color: #000000;\">Gjethja e fresk\u00ebt e Aloe Ver\u00ebs n\u00eb m\u00ebnyr\u00eb natyrale p\u00ebrmban mbi 200 p\u00ebrb\u00ebrje aktive, si\u00e7 jan\u00eb vitaminat, mineralet, enzimat, aminociadet, polisakaridet, sheqernat natyrale dhe p\u00ebrb\u00ebrjet e tjera bioaktive. Aloe Vera p\u00ebrforcon sistemin imunitar, tret\u00ebs dhe kardiovaskular, posedon efekte dietike, ndihmon n\u00eb largimin e toksiave, redukton nitratet dhe ndihmon n\u00eb parandalimin e infeksioneve. <\/span><\/p>\n<p><span style=\"color: #000000;\">\u00cbsht\u00eb e pasur me vitaminat A, C, E dhe e grupit B, duke p\u00ebrfshir\u00eb vitamin\u00ebn B12 dhe acidin folik. Xheli nga gjethja e fresk\u00ebt e Aloe Ver\u00ebs p\u00ebrmban 20 deri 22 aminoacide, q\u00eb i nevojiten trupit t\u00eb njeriut, 7 prej 8 atyre aesenciale t\u00eb cilat trupi nuk mund t\u2019i sintetizoj\u00eb dhe duhet t\u00eb konsumohen p\u00ebrmes ushqimit. <\/span><\/p>\n<p><span style=\"color: #000000;\">\u00cbsht\u00eb i pasur me minerale, si\u00e7 jan\u00eb kalciumi, magnezi, natriumi, bakri, mangani, kaliumi, zinku, kromi dhe hekuri. P\u00ebrmban kolagjen dhe elastin\u00eb. Posedon efekte antioksiduese. <\/span><\/p>\n<p><span style=\"color: #000000;\">P\u00ebrmban edhe stimulusin e fuqish\u00ebm t\u00eb sistemit imunitar \u2013 aloveroz\u00eb ose acemanan, q\u00eb \u00ebsht\u00eb polisakaridi m\u00eb i dobish\u00ebm p\u00ebr sistemin tret\u00ebs. P\u00ebrve\u00e7 k\u00ebsaj, p\u00ebrdoret edhe p\u00ebr p\u00ebrdorim t\u00eb jasht\u00ebm p\u00ebr hidratim t\u00eb thell\u00eb l\u00ebkur\u00ebs, p\u00ebrdoret kund\u00ebr rrudhave, si dhe p\u00ebr trajtim t\u00eb l\u00ebkur\u00ebs gjat\u00eb djegieve, acarimeve dhe gjendjeve t\u00eb ndryshme t\u00eb l\u00ebkur\u00ebs.<\/span><\/p>\n<p>\u00c7mimi p\u00ebrfshihen TVSH 18%<\/p>\n","protected":false},"featured_media":28429,"comment_status":"closed","ping_status":"closed","template":"","meta":[],"product_cat":[31],"product_tag":[],"_links":{"self":[{"href":"https:\/\/aloeorganic.mk\/sq\/wp-json\/wp\/v2\/product\/28348"}],"collection":[{"href":"https:\/\/aloeorganic.mk\/sq\/wp-json\/wp\/v2\/product"}],"about":[{"href":"https:\/\/aloeorganic.mk\/sq\/wp-json\/wp\/v2\/types\/product"}],"replies":[{"embeddable":true,"href":"https:\/\/aloeorganic.mk\/sq\/wp-json\/wp\/v2\/comments?post=28348"}],"wp:featuredmedia":[{"embeddable":true,"href":"https:\/\/aloeorganic.mk\/sq\/wp-json\/wp\/v2\/media\/28429"}],"wp:attachment":[{"href":"https:\/\/aloeorganic.mk\/sq\/wp-json\/wp\/v2\/media?parent=28348"}],"wp:term":[{"taxonomy":"product_cat","embeddable":true,"href":"https:\/\/aloeorganic.mk\/sq\/wp-json\/wp\/v2\/product_cat?post=28348"},{"taxonomy":"product_tag","embeddable":true,"href":"https:\/\/aloeorganic.mk\/sq\/wp-json\/wp\/v2\/product_tag?post=28348"}],"curies":[{"name":"wp","href":"https:\/\/api.w.org\/{rel}","templated":true}]}}